{"id":9,"date":"2015-07-28T22:42:45","date_gmt":"2015-07-28T22:42:45","guid":{"rendered":"http:\/\/kreg.fishing.is\/?post_type=product&#038;p=9"},"modified":"2022-01-20T17:31:41","modified_gmt":"2022-01-20T17:31:41","slug":"kreg-jig-mini","status":"publish","type":"product","link":"https:\/\/www.kregtools.is\/index.php\/vara\/kreg-jig-mini\/","title":{"rendered":"Kreg Jig\u00ae Mini"},"content":{"rendered":"<p><strong>Simple.<\/strong><\/p>\n<ul>\n<li>Simplistic, compact design<\/li>\n<li>Unlimited material thickness and width positioning<\/li>\n<li>Hardened-steel drill guide with lifetime warranty<\/li>\n<li>Wood-chip relief hole for easy drilling<\/li>\n<li>Glass-reinforced nylon body<\/li>\n<li>Guide to help fully seat plugs<\/li>\n<\/ul>\n<p><iframe loading=\"lazy\" title=\"Kreg Tool Tip: Mini Jig\" width=\"620\" height=\"349\" src=\"https:\/\/www.youtube.com\/embed\/ca1_aRRF17Q?feature=oembed\" frameborder=\"0\" allow=\"accelerometer; autoplay; clipboard-write; encrypted-media; gyroscope; picture-in-picture\" allowfullscreen><\/iframe><\/p>\n","protected":false},"excerpt":{"rendered":"<p>Fr\u00e1b\u00e6rt \u00ed sm\u00e1lagf\u00e6ringar<\/p>\n","protected":false},"featured_media":29,"comment_status":"closed","ping_status":"closed","template":"","meta":{"_mi_skip_tracking":false,"_exactmetrics_sitenote_active":false,"_exactmetrics_sitenote_note":"","_exactmetrics_sitenote_category":0},"product_cat":[6],"product_tag":[],"giftcard-category":[],"yoast_head":"<!-- This site is optimized with the Yoast SEO plugin v21.5 - https:\/\/yoast.com\/wordpress\/plugins\/seo\/ -->\n<title>Kreg Jig\u00ae Mini - Kreg Tool<\/title>\n<meta name=\"robots\" content=\"index, follow, max-snippet:-1, max-image-preview:large, max-video-preview:-1\" \/>\n<link rel=\"canonical\" href=\"https:\/\/www.kregtools.is\/index.php\/vara\/kreg-jig-mini\/\" \/>\n<meta property=\"og:locale\" content=\"is_IS\" \/>\n<meta property=\"og:type\" content=\"article\" \/>\n<meta property=\"og:title\" content=\"Kreg Jig\u00ae Mini - Kreg Tool\" \/>\n<meta property=\"og:description\" content=\"Fr\u00e1b\u00e6rt \u00ed sm\u00e1lagf\u00e6ringar\" \/>\n<meta property=\"og:url\" content=\"https:\/\/www.kregtools.is\/index.php\/vara\/kreg-jig-mini\/\" \/>\n<meta property=\"og:site_name\" content=\"Kreg Tool\" \/>\n<meta property=\"article:publisher\" content=\"http:\/\/facebook.com\/kregtoolisland\" \/>\n<meta property=\"article:modified_time\" content=\"2022-01-20T17:31:41+00:00\" \/>\n<meta property=\"og:image\" content=\"https:\/\/www.kregtools.is\/wp-content\/uploads\/2015\/07\/MKJKIT-MiniKregJigKit-MainCOB-2.jpg\" \/>\n\t<meta property=\"og:image:width\" content=\"400\" \/>\n\t<meta property=\"og:image:height\" content=\"400\" \/>\n\t<meta property=\"og:image:type\" content=\"image\/jpeg\" \/>\n<meta name=\"twitter:card\" content=\"summary_large_image\" \/>\n<script type=\"application\/ld+json\" class=\"yoast-schema-graph\">{\"@context\":\"https:\/\/schema.org\",\"@graph\":[{\"@type\":\"WebPage\",\"@id\":\"https:\/\/www.kregtools.is\/index.php\/vara\/kreg-jig-mini\/\",\"url\":\"https:\/\/www.kregtools.is\/index.php\/vara\/kreg-jig-mini\/\",\"name\":\"Kreg Jig\u00ae Mini - Kreg Tool\",\"isPartOf\":{\"@id\":\"https:\/\/www.kregtools.is\/#website\"},\"datePublished\":\"2015-07-28T22:42:45+00:00\",\"dateModified\":\"2022-01-20T17:31:41+00:00\",\"breadcrumb\":{\"@id\":\"https:\/\/www.kregtools.is\/index.php\/vara\/kreg-jig-mini\/#breadcrumb\"},\"inLanguage\":\"is\",\"potentialAction\":[{\"@type\":\"ReadAction\",\"target\":[\"https:\/\/www.kregtools.is\/index.php\/vara\/kreg-jig-mini\/\"]}]},{\"@type\":\"BreadcrumbList\",\"@id\":\"https:\/\/www.kregtools.is\/index.php\/vara\/kreg-jig-mini\/#breadcrumb\",\"itemListElement\":[{\"@type\":\"ListItem\",\"position\":1,\"name\":\"Home\",\"item\":\"https:\/\/www.kregtools.is\/\"},{\"@type\":\"ListItem\",\"position\":2,\"name\":\"Netverslun\",\"item\":\"https:\/\/www.kregtools.is\/index.php\/shop\/\"},{\"@type\":\"ListItem\",\"position\":3,\"name\":\"Kreg Jig\u00ae Mini\"}]},{\"@type\":\"WebSite\",\"@id\":\"https:\/\/www.kregtools.is\/#website\",\"url\":\"https:\/\/www.kregtools.is\/\",\"name\":\"Kreg Tool\",\"description\":\"t\u00f3lh\u00f6ld\",\"potentialAction\":[{\"@type\":\"SearchAction\",\"target\":{\"@type\":\"EntryPoint\",\"urlTemplate\":\"https:\/\/www.kregtools.is\/?s={search_term_string}\"},\"query-input\":\"required name=search_term_string\"}],\"inLanguage\":\"is\"}]}<\/script>\n<!-- \/ Yoast SEO plugin. -->","yoast_head_json":{"title":"Kreg Jig\u00ae Mini - Kreg Tool","robots":{"index":"index","follow":"follow","max-snippet":"max-snippet:-1","max-image-preview":"max-image-preview:large","max-video-preview":"max-video-preview:-1"},"canonical":"https:\/\/www.kregtools.is\/index.php\/vara\/kreg-jig-mini\/","og_locale":"is_IS","og_type":"article","og_title":"Kreg Jig\u00ae Mini - Kreg Tool","og_description":"Fr\u00e1b\u00e6rt \u00ed sm\u00e1lagf\u00e6ringar","og_url":"https:\/\/www.kregtools.is\/index.php\/vara\/kreg-jig-mini\/","og_site_name":"Kreg Tool","article_publisher":"http:\/\/facebook.com\/kregtoolisland","article_modified_time":"2022-01-20T17:31:41+00:00","og_image":[{"width":400,"height":400,"url":"https:\/\/www.kregtools.is\/wp-content\/uploads\/2015\/07\/MKJKIT-MiniKregJigKit-MainCOB-2.jpg","type":"image\/jpeg"}],"twitter_card":"summary_large_image","schema":{"@context":"https:\/\/schema.org","@graph":[{"@type":"WebPage","@id":"https:\/\/www.kregtools.is\/index.php\/vara\/kreg-jig-mini\/","url":"https:\/\/www.kregtools.is\/index.php\/vara\/kreg-jig-mini\/","name":"Kreg Jig\u00ae Mini - Kreg Tool","isPartOf":{"@id":"https:\/\/www.kregtools.is\/#website"},"datePublished":"2015-07-28T22:42:45+00:00","dateModified":"2022-01-20T17:31:41+00:00","breadcrumb":{"@id":"https:\/\/www.kregtools.is\/index.php\/vara\/kreg-jig-mini\/#breadcrumb"},"inLanguage":"is","potentialAction":[{"@type":"ReadAction","target":["https:\/\/www.kregtools.is\/index.php\/vara\/kreg-jig-mini\/"]}]},{"@type":"BreadcrumbList","@id":"https:\/\/www.kregtools.is\/index.php\/vara\/kreg-jig-mini\/#breadcrumb","itemListElement":[{"@type":"ListItem","position":1,"name":"Home","item":"https:\/\/www.kregtools.is\/"},{"@type":"ListItem","position":2,"name":"Netverslun","item":"https:\/\/www.kregtools.is\/index.php\/shop\/"},{"@type":"ListItem","position":3,"name":"Kreg Jig\u00ae Mini"}]},{"@type":"WebSite","@id":"https:\/\/www.kregtools.is\/#website","url":"https:\/\/www.kregtools.is\/","name":"Kreg Tool","description":"t\u00f3lh\u00f6ld","potentialAction":[{"@type":"SearchAction","target":{"@type":"EntryPoint","urlTemplate":"https:\/\/www.kregtools.is\/?s={search_term_string}"},"query-input":"required name=search_term_string"}],"inLanguage":"is"}]}},"_links":{"self":[{"href":"https:\/\/www.kregtools.is\/index.php\/wp-json\/wp\/v2\/product\/9"}],"collection":[{"href":"https:\/\/www.kregtools.is\/index.php\/wp-json\/wp\/v2\/product"}],"about":[{"href":"https:\/\/www.kregtools.is\/index.php\/wp-json\/wp\/v2\/types\/product"}],"replies":[{"embeddable":true,"href":"https:\/\/www.kregtools.is\/index.php\/wp-json\/wp\/v2\/comments?post=9"}],"wp:featuredmedia":[{"embeddable":true,"href":"https:\/\/www.kregtools.is\/index.php\/wp-json\/wp\/v2\/media\/29"}],"wp:attachment":[{"href":"https:\/\/www.kregtools.is\/index.php\/wp-json\/wp\/v2\/media?parent=9"}],"wp:term":[{"taxonomy":"product_cat","embeddable":true,"href":"https:\/\/www.kregtools.is\/index.php\/wp-json\/wp\/v2\/product_cat?post=9"},{"taxonomy":"product_tag","embeddable":true,"href":"https:\/\/www.kregtools.is\/index.php\/wp-json\/wp\/v2\/product_tag?post=9"},{"taxonomy":"giftcard-category","embeddable":true,"href":"https:\/\/www.kregtools.is\/index.php\/wp-json\/wp\/v2\/giftcard-category?post=9"}],"curies":[{"name":"wp","href":"https:\/\/api.w.org\/{rel}","templated":true}]}}