{"id":561,"date":"2017-07-05T12:22:26","date_gmt":"2017-07-05T12:22:26","guid":{"rendered":"http:\/\/www.kregtools.is\/?post_type=product&#038;p=561"},"modified":"2026-04-14T11:52:05","modified_gmt":"2026-04-14T11:52:05","slug":"sledi-fyrir-hjolsog-sledasog","status":"publish","type":"product","link":"https:\/\/www.kregtools.is\/index.php\/vara\/sledi-fyrir-hjolsog-sledasog\/","title":{"rendered":"Sle\u00f0i fyrir hj\u00f3ls\u00f6g"},"content":{"rendered":"<p>Breyttu n\u00e1nast hva\u00f0a hj\u00f3ls\u00f6g sem er, \u00ed sle\u00f0as\u00f6g.<\/p>\n<p><strong>Straight, accurate, splinter-free cuts made easy<\/strong><\/p>\n<ul>\n<li>Rip, cross cut, and make angled cuts up to 1220mm\u00a0long in plywood, MDF, and panels<\/li>\n<li>Simply align the Guide Track with your marks to make accurate cuts<\/li>\n<li>Hold track in place without clamps thanks to anti-slip guide strips<\/li>\n<li>Prevent splintering with anti-chip strips that support material during the cut<\/li>\n<li>Begin cuts easily with a Starting Block that the supports saw and allows normal blade guard operation<\/li>\n<li>Mount almost any circular saw\u2014left or right blade\u2014to the Universal Sled<\/li>\n<li>Universal Sled is compatible with the <a href=\"http:\/\/www.kregtools.is\/index.php\/vara\/kreg-rip-cut-metric\/\">Kreg Rip-Cut<\/a>&#x2122;<\/li>\n<li>Take your saw to the material instead of having to take your material to the saw<\/li>\n<\/ul>\n<table class=\"table_data table_specs\" style=\"height: 152px;\" border=\"0\" width=\"618\" cellspacing=\"0\" cellpadding=\"0\">\n<tbody>\n<tr>\n<td><strong>Includes<\/strong><\/td>\n<td>(1) Universal Saw Sled,<br \/>\n(2) 26.5&#8243; Aluminum Guide Tracks,<br \/>\n(2) Track Connectors,<br \/>\n(1) Starting Block,<br \/>\n(1) Track Indicator Clip, detailed setup and usage instructions<\/td>\n<\/tr>\n<\/tbody>\n<\/table>\n<p><iframe loading=\"lazy\" title=\"Accu-Cut\u2122 Circular Saw Track Guide\" width=\"620\" height=\"349\" src=\"https:\/\/www.youtube.com\/embed\/kQuQs23M2g4?feature=oembed\" frameborder=\"0\" allow=\"accelerometer; autoplay; clipboard-write; encrypted-media; gyroscope; picture-in-picture\" allowfullscreen><\/iframe><\/p>\n<p>&nbsp;<\/p>\n<table class=\"table_data table_specs\" style=\"height: 209px;\" border=\"0\" width=\"637\" cellspacing=\"0\" cellpadding=\"0\">\n<tbody>\n<tr>\n<td><strong>Guide Track<\/strong><\/td>\n<td>Aircraft-quality aluminum with dual anti-chip, anti-slip guide strips<\/td>\n<\/tr>\n<tr>\n<td><strong>Saw Sled<\/strong><\/td>\n<td>Accepts left- and right-blade saws<br \/>\nBuilt-in indexing stop and precision cursor<\/td>\n<\/tr>\n<tr>\n<td><strong>Cut Length<\/strong><\/td>\n<td>Maximum 48&#8243; (1220mm)<\/td>\n<\/tr>\n<\/tbody>\n<\/table>\n","protected":false},"excerpt":{"rendered":"<p>Breyttu n\u00e1nast hva\u00f0a hj\u00f3ls\u00f6g sem er, \u00ed sle\u00f0as\u00f6g. Straight, accurate, splinter-free cuts made easy Rip, cross cut, and make angled cuts up to 1220mm\u00a0long in plywood, MDF, and panels Simply &hellip;<\/p>\n","protected":false},"featured_media":562,"comment_status":"closed","ping_status":"closed","template":"","meta":{"_mi_skip_tracking":false,"_exactmetrics_sitenote_active":false,"_exactmetrics_sitenote_note":"","_exactmetrics_sitenote_category":0},"product_cat":[7],"product_tag":[],"giftcard-category":[],"yoast_head":"<!-- This site is optimized with the Yoast SEO plugin v21.5 - https:\/\/yoast.com\/wordpress\/plugins\/seo\/ -->\n<title>Sle\u00f0i fyrir hj\u00f3ls\u00f6g (sle\u00f0as\u00f6g) - Kreg Tool<\/title>\n<meta name=\"description\" content=\"Breyttu n\u00e1nast hva\u00f0a hj\u00f3ls\u00f6g sem er \u00ed sle\u00f0as\u00f6g. H\u00e6gt a\u00f0 nota s\u00f6mu festingu me\u00f0 n\u00fdja Kreg Rip Cut. Sle\u00f0inn er \u00ed tvem p\u00f6rtum og h\u00e6gt a\u00f0 saga allt a\u00f0 1220mm\" \/>\n<meta name=\"robots\" content=\"index, follow, max-snippet:-1, max-image-preview:large, max-video-preview:-1\" \/>\n<link rel=\"canonical\" href=\"https:\/\/www.kregtools.is\/index.php\/vara\/sledi-fyrir-hjolsog-sledasog\/\" \/>\n<meta property=\"og:locale\" content=\"is_IS\" \/>\n<meta property=\"og:type\" content=\"article\" \/>\n<meta property=\"og:title\" content=\"Sle\u00f0i fyrir hj\u00f3ls\u00f6g (sle\u00f0as\u00f6g) - Kreg Tool\" \/>\n<meta property=\"og:description\" content=\"Breyttu n\u00e1nast hva\u00f0a hj\u00f3ls\u00f6g sem er \u00ed sle\u00f0as\u00f6g. H\u00e6gt a\u00f0 nota s\u00f6mu festingu me\u00f0 n\u00fdja Kreg Rip Cut. Sle\u00f0inn er \u00ed tvem p\u00f6rtum og h\u00e6gt a\u00f0 saga allt a\u00f0 1220mm\" \/>\n<meta property=\"og:url\" content=\"https:\/\/www.kregtools.is\/index.php\/vara\/sledi-fyrir-hjolsog-sledasog\/\" \/>\n<meta property=\"og:site_name\" content=\"Kreg Tool\" \/>\n<meta property=\"article:publisher\" content=\"http:\/\/facebook.com\/kregtoolisland\" \/>\n<meta property=\"article:modified_time\" content=\"2026-04-14T11:52:05+00:00\" \/>\n<meta property=\"og:image\" content=\"https:\/\/www.kregtools.is\/wp-content\/uploads\/2017\/07\/Accu-Cut-KMA2700-011.png\" \/>\n\t<meta property=\"og:image:width\" content=\"400\" \/>\n\t<meta property=\"og:image:height\" content=\"400\" \/>\n\t<meta property=\"og:image:type\" content=\"image\/png\" \/>\n<meta name=\"twitter:card\" content=\"summary_large_image\" \/>\n<meta name=\"twitter:label1\" content=\"Est. reading time\" \/>\n\t<meta name=\"twitter:data1\" content=\"1 minute\" \/>\n<script type=\"application\/ld+json\" class=\"yoast-schema-graph\">{\"@context\":\"https:\/\/schema.org\",\"@graph\":[{\"@type\":\"WebPage\",\"@id\":\"https:\/\/www.kregtools.is\/index.php\/vara\/sledi-fyrir-hjolsog-sledasog\/\",\"url\":\"https:\/\/www.kregtools.is\/index.php\/vara\/sledi-fyrir-hjolsog-sledasog\/\",\"name\":\"Sle\u00f0i fyrir hj\u00f3ls\u00f6g (sle\u00f0as\u00f6g) - Kreg Tool\",\"isPartOf\":{\"@id\":\"https:\/\/www.kregtools.is\/#website\"},\"datePublished\":\"2017-07-05T12:22:26+00:00\",\"dateModified\":\"2026-04-14T11:52:05+00:00\",\"description\":\"Breyttu n\u00e1nast hva\u00f0a hj\u00f3ls\u00f6g sem er \u00ed sle\u00f0as\u00f6g. H\u00e6gt a\u00f0 nota s\u00f6mu festingu me\u00f0 n\u00fdja Kreg Rip Cut. Sle\u00f0inn er \u00ed tvem p\u00f6rtum og h\u00e6gt a\u00f0 saga allt a\u00f0 1220mm\",\"breadcrumb\":{\"@id\":\"https:\/\/www.kregtools.is\/index.php\/vara\/sledi-fyrir-hjolsog-sledasog\/#breadcrumb\"},\"inLanguage\":\"is\",\"potentialAction\":[{\"@type\":\"ReadAction\",\"target\":[\"https:\/\/www.kregtools.is\/index.php\/vara\/sledi-fyrir-hjolsog-sledasog\/\"]}]},{\"@type\":\"BreadcrumbList\",\"@id\":\"https:\/\/www.kregtools.is\/index.php\/vara\/sledi-fyrir-hjolsog-sledasog\/#breadcrumb\",\"itemListElement\":[{\"@type\":\"ListItem\",\"position\":1,\"name\":\"Home\",\"item\":\"https:\/\/www.kregtools.is\/\"},{\"@type\":\"ListItem\",\"position\":2,\"name\":\"Netverslun\",\"item\":\"https:\/\/www.kregtools.is\/index.php\/shop\/\"},{\"@type\":\"ListItem\",\"position\":3,\"name\":\"Sle\u00f0i fyrir hj\u00f3ls\u00f6g\"}]},{\"@type\":\"WebSite\",\"@id\":\"https:\/\/www.kregtools.is\/#website\",\"url\":\"https:\/\/www.kregtools.is\/\",\"name\":\"Kreg Tool\",\"description\":\"t\u00f3lh\u00f6ld\",\"potentialAction\":[{\"@type\":\"SearchAction\",\"target\":{\"@type\":\"EntryPoint\",\"urlTemplate\":\"https:\/\/www.kregtools.is\/?s={search_term_string}\"},\"query-input\":\"required name=search_term_string\"}],\"inLanguage\":\"is\"}]}<\/script>\n<!-- \/ Yoast SEO plugin. -->","yoast_head_json":{"title":"Sle\u00f0i fyrir hj\u00f3ls\u00f6g (sle\u00f0as\u00f6g) - Kreg Tool","description":"Breyttu n\u00e1nast hva\u00f0a hj\u00f3ls\u00f6g sem er \u00ed sle\u00f0as\u00f6g. H\u00e6gt a\u00f0 nota s\u00f6mu festingu me\u00f0 n\u00fdja Kreg Rip Cut. Sle\u00f0inn er \u00ed tvem p\u00f6rtum og h\u00e6gt a\u00f0 saga allt a\u00f0 1220mm","robots":{"index":"index","follow":"follow","max-snippet":"max-snippet:-1","max-image-preview":"max-image-preview:large","max-video-preview":"max-video-preview:-1"},"canonical":"https:\/\/www.kregtools.is\/index.php\/vara\/sledi-fyrir-hjolsog-sledasog\/","og_locale":"is_IS","og_type":"article","og_title":"Sle\u00f0i fyrir hj\u00f3ls\u00f6g (sle\u00f0as\u00f6g) - Kreg Tool","og_description":"Breyttu n\u00e1nast hva\u00f0a hj\u00f3ls\u00f6g sem er \u00ed sle\u00f0as\u00f6g. H\u00e6gt a\u00f0 nota s\u00f6mu festingu me\u00f0 n\u00fdja Kreg Rip Cut. Sle\u00f0inn er \u00ed tvem p\u00f6rtum og h\u00e6gt a\u00f0 saga allt a\u00f0 1220mm","og_url":"https:\/\/www.kregtools.is\/index.php\/vara\/sledi-fyrir-hjolsog-sledasog\/","og_site_name":"Kreg Tool","article_publisher":"http:\/\/facebook.com\/kregtoolisland","article_modified_time":"2026-04-14T11:52:05+00:00","og_image":[{"width":400,"height":400,"url":"https:\/\/www.kregtools.is\/wp-content\/uploads\/2017\/07\/Accu-Cut-KMA2700-011.png","type":"image\/png"}],"twitter_card":"summary_large_image","twitter_misc":{"Est. reading time":"1 minute"},"schema":{"@context":"https:\/\/schema.org","@graph":[{"@type":"WebPage","@id":"https:\/\/www.kregtools.is\/index.php\/vara\/sledi-fyrir-hjolsog-sledasog\/","url":"https:\/\/www.kregtools.is\/index.php\/vara\/sledi-fyrir-hjolsog-sledasog\/","name":"Sle\u00f0i fyrir hj\u00f3ls\u00f6g (sle\u00f0as\u00f6g) - Kreg Tool","isPartOf":{"@id":"https:\/\/www.kregtools.is\/#website"},"datePublished":"2017-07-05T12:22:26+00:00","dateModified":"2026-04-14T11:52:05+00:00","description":"Breyttu n\u00e1nast hva\u00f0a hj\u00f3ls\u00f6g sem er \u00ed sle\u00f0as\u00f6g. H\u00e6gt a\u00f0 nota s\u00f6mu festingu me\u00f0 n\u00fdja Kreg Rip Cut. Sle\u00f0inn er \u00ed tvem p\u00f6rtum og h\u00e6gt a\u00f0 saga allt a\u00f0 1220mm","breadcrumb":{"@id":"https:\/\/www.kregtools.is\/index.php\/vara\/sledi-fyrir-hjolsog-sledasog\/#breadcrumb"},"inLanguage":"is","potentialAction":[{"@type":"ReadAction","target":["https:\/\/www.kregtools.is\/index.php\/vara\/sledi-fyrir-hjolsog-sledasog\/"]}]},{"@type":"BreadcrumbList","@id":"https:\/\/www.kregtools.is\/index.php\/vara\/sledi-fyrir-hjolsog-sledasog\/#breadcrumb","itemListElement":[{"@type":"ListItem","position":1,"name":"Home","item":"https:\/\/www.kregtools.is\/"},{"@type":"ListItem","position":2,"name":"Netverslun","item":"https:\/\/www.kregtools.is\/index.php\/shop\/"},{"@type":"ListItem","position":3,"name":"Sle\u00f0i fyrir hj\u00f3ls\u00f6g"}]},{"@type":"WebSite","@id":"https:\/\/www.kregtools.is\/#website","url":"https:\/\/www.kregtools.is\/","name":"Kreg Tool","description":"t\u00f3lh\u00f6ld","potentialAction":[{"@type":"SearchAction","target":{"@type":"EntryPoint","urlTemplate":"https:\/\/www.kregtools.is\/?s={search_term_string}"},"query-input":"required name=search_term_string"}],"inLanguage":"is"}]}},"_links":{"self":[{"href":"https:\/\/www.kregtools.is\/index.php\/wp-json\/wp\/v2\/product\/561"}],"collection":[{"href":"https:\/\/www.kregtools.is\/index.php\/wp-json\/wp\/v2\/product"}],"about":[{"href":"https:\/\/www.kregtools.is\/index.php\/wp-json\/wp\/v2\/types\/product"}],"replies":[{"embeddable":true,"href":"https:\/\/www.kregtools.is\/index.php\/wp-json\/wp\/v2\/comments?post=561"}],"wp:featuredmedia":[{"embeddable":true,"href":"https:\/\/www.kregtools.is\/index.php\/wp-json\/wp\/v2\/media\/562"}],"wp:attachment":[{"href":"https:\/\/www.kregtools.is\/index.php\/wp-json\/wp\/v2\/media?parent=561"}],"wp:term":[{"taxonomy":"product_cat","embeddable":true,"href":"https:\/\/www.kregtools.is\/index.php\/wp-json\/wp\/v2\/product_cat?post=561"},{"taxonomy":"product_tag","embeddable":true,"href":"https:\/\/www.kregtools.is\/index.php\/wp-json\/wp\/v2\/product_tag?post=561"},{"taxonomy":"giftcard-category","embeddable":true,"href":"https:\/\/www.kregtools.is\/index.php\/wp-json\/wp\/v2\/giftcard-category?post=561"}],"curies":[{"name":"wp","href":"https:\/\/api.w.org\/{rel}","templated":true}]}}