{"id":302,"date":"2016-08-16T11:09:41","date_gmt":"2016-08-16T11:09:41","guid":{"rendered":"http:\/\/www.kregtools.is\/?post_type=product&#038;p=302"},"modified":"2026-02-02T16:45:36","modified_gmt":"2026-02-02T16:45:36","slug":"redbacks-hnjahlifar","status":"publish","type":"product","link":"https:\/\/www.kregtools.is\/index.php\/vara\/redbacks-hnjahlifar\/","title":{"rendered":"Redbacks hnj\u00e1hl\u00edfar"},"content":{"rendered":"<ul>\n<li>Hanna\u00f0 til a\u00f0 duga 10x lengur en hef\u00f0bundnar hnj\u00e1hl\u00edfar.<\/li>\n<li>Passar \u00ed vasa \u00e1 hef\u00f0bundnum vinnubuxum<\/li>\n<li>Unni\u00f0 \u00far endurn\u00fdjanlegum efnum<\/li>\n<li>Pr\u00f3fa\u00f0 til a\u00f0 sty\u00f0ja allt a\u00f0 250kg<\/li>\n<li>Sni\u00f0i\u00f0 utan um hn\u00e9\u00f0<\/li>\n<li>Vatnshelt og m\u00e1 fara \u00ed \u00fevottav\u00e9l<\/li>\n<li>Minnkar punkt\u00e1lag<\/li>\n<li>Dreifir \u00feyngd<\/li>\n<li>Ver fyrir sm\u00e1steinum og \u00f3j\u00f6fnum<\/li>\n<li>Ver fyrir heitum og k\u00f6ldum yfirbor\u00f0um<\/li>\n<li><span class=\"black\">Vi\u00f0heldur 100% stu\u00f0ningi<\/span><\/li>\n<\/ul>\n<p>&nbsp;<\/p>\n<p><iframe loading=\"lazy\" title=\"Wayne De Wet Video\" width=\"620\" height=\"349\" src=\"https:\/\/www.youtube.com\/embed\/AvL7eQUAQCs?feature=oembed\" frameborder=\"0\" allow=\"accelerometer; autoplay; clipboard-write; encrypted-media; gyroscope; picture-in-picture; web-share\" referrerpolicy=\"strict-origin-when-cross-origin\" allowfullscreen><\/iframe><\/p>\n","protected":false},"excerpt":{"rendered":"<p>Hanna\u00f0 til a\u00f0 duga 10x lengur en hef\u00f0bundnar hnj\u00e1hl\u00edfar. Passar \u00ed vasa \u00e1 hef\u00f0bundnum vinnubuxum Unni\u00f0 \u00far endurn\u00fdjanlegum efnum Pr\u00f3fa\u00f0 til a\u00f0 sty\u00f0ja allt a\u00f0 250kg Sni\u00f0i\u00f0 utan um hn\u00e9\u00f0 &hellip;<\/p>\n","protected":false},"featured_media":303,"comment_status":"open","ping_status":"closed","template":"","meta":{"_mi_skip_tracking":false,"_exactmetrics_sitenote_active":false,"_exactmetrics_sitenote_note":"","_exactmetrics_sitenote_category":0},"product_cat":[30],"product_tag":[],"giftcard-category":[],"yoast_head":"<!-- This site is optimized with the Yoast SEO plugin v21.5 - https:\/\/yoast.com\/wordpress\/plugins\/seo\/ -->\n<title>Redbacks hnj\u00e1hl\u00edfar - Kreg Tool<\/title>\n<meta name=\"robots\" content=\"index, follow, max-snippet:-1, max-image-preview:large, max-video-preview:-1\" \/>\n<link rel=\"canonical\" href=\"https:\/\/www.kregtools.is\/index.php\/vara\/redbacks-hnjahlifar\/\" \/>\n<meta property=\"og:locale\" content=\"is_IS\" \/>\n<meta property=\"og:type\" content=\"article\" \/>\n<meta property=\"og:title\" content=\"Redbacks hnj\u00e1hl\u00edfar - Kreg Tool\" \/>\n<meta property=\"og:description\" content=\"Hanna\u00f0 til a\u00f0 duga 10x lengur en hef\u00f0bundnar hnj\u00e1hl\u00edfar. Passar \u00ed vasa \u00e1 hef\u00f0bundnum vinnubuxum Unni\u00f0 \u00far endurn\u00fdjanlegum efnum Pr\u00f3fa\u00f0 til a\u00f0 sty\u00f0ja allt a\u00f0 250kg Sni\u00f0i\u00f0 utan um hn\u00e9\u00f0 &hellip;\" \/>\n<meta property=\"og:url\" content=\"https:\/\/www.kregtools.is\/index.php\/vara\/redbacks-hnjahlifar\/\" \/>\n<meta property=\"og:site_name\" content=\"Kreg Tool\" \/>\n<meta property=\"article:publisher\" content=\"http:\/\/facebook.com\/kregtoolisland\" \/>\n<meta property=\"article:modified_time\" content=\"2026-02-02T16:45:36+00:00\" \/>\n<meta property=\"og:image\" content=\"https:\/\/www.kregtools.is\/wp-content\/uploads\/2016\/08\/redbacksproduct.-w0-h0-p100-q90-F-S1-c1.jpg\" \/>\n\t<meta property=\"og:image:width\" content=\"1218\" \/>\n\t<meta property=\"og:image:height\" content=\"1200\" \/>\n\t<meta property=\"og:image:type\" content=\"image\/jpeg\" \/>\n<meta name=\"twitter:card\" content=\"summary_large_image\" \/>\n<meta name=\"twitter:label1\" content=\"Est. reading time\" \/>\n\t<meta name=\"twitter:data1\" content=\"1 minute\" \/>\n<script type=\"application\/ld+json\" class=\"yoast-schema-graph\">{\"@context\":\"https:\/\/schema.org\",\"@graph\":[{\"@type\":\"WebPage\",\"@id\":\"https:\/\/www.kregtools.is\/index.php\/vara\/redbacks-hnjahlifar\/\",\"url\":\"https:\/\/www.kregtools.is\/index.php\/vara\/redbacks-hnjahlifar\/\",\"name\":\"Redbacks hnj\u00e1hl\u00edfar - Kreg Tool\",\"isPartOf\":{\"@id\":\"https:\/\/www.kregtools.is\/#website\"},\"datePublished\":\"2016-08-16T11:09:41+00:00\",\"dateModified\":\"2026-02-02T16:45:36+00:00\",\"breadcrumb\":{\"@id\":\"https:\/\/www.kregtools.is\/index.php\/vara\/redbacks-hnjahlifar\/#breadcrumb\"},\"inLanguage\":\"is\",\"potentialAction\":[{\"@type\":\"ReadAction\",\"target\":[\"https:\/\/www.kregtools.is\/index.php\/vara\/redbacks-hnjahlifar\/\"]}]},{\"@type\":\"BreadcrumbList\",\"@id\":\"https:\/\/www.kregtools.is\/index.php\/vara\/redbacks-hnjahlifar\/#breadcrumb\",\"itemListElement\":[{\"@type\":\"ListItem\",\"position\":1,\"name\":\"Home\",\"item\":\"https:\/\/www.kregtools.is\/\"},{\"@type\":\"ListItem\",\"position\":2,\"name\":\"Netverslun\",\"item\":\"https:\/\/www.kregtools.is\/index.php\/shop\/\"},{\"@type\":\"ListItem\",\"position\":3,\"name\":\"Redbacks hnj\u00e1hl\u00edfar\"}]},{\"@type\":\"WebSite\",\"@id\":\"https:\/\/www.kregtools.is\/#website\",\"url\":\"https:\/\/www.kregtools.is\/\",\"name\":\"Kreg Tool\",\"description\":\"t\u00f3lh\u00f6ld\",\"potentialAction\":[{\"@type\":\"SearchAction\",\"target\":{\"@type\":\"EntryPoint\",\"urlTemplate\":\"https:\/\/www.kregtools.is\/?s={search_term_string}\"},\"query-input\":\"required name=search_term_string\"}],\"inLanguage\":\"is\"}]}<\/script>\n<!-- \/ Yoast SEO plugin. -->","yoast_head_json":{"title":"Redbacks hnj\u00e1hl\u00edfar - Kreg Tool","robots":{"index":"index","follow":"follow","max-snippet":"max-snippet:-1","max-image-preview":"max-image-preview:large","max-video-preview":"max-video-preview:-1"},"canonical":"https:\/\/www.kregtools.is\/index.php\/vara\/redbacks-hnjahlifar\/","og_locale":"is_IS","og_type":"article","og_title":"Redbacks hnj\u00e1hl\u00edfar - Kreg Tool","og_description":"Hanna\u00f0 til a\u00f0 duga 10x lengur en hef\u00f0bundnar hnj\u00e1hl\u00edfar. Passar \u00ed vasa \u00e1 hef\u00f0bundnum vinnubuxum Unni\u00f0 \u00far endurn\u00fdjanlegum efnum Pr\u00f3fa\u00f0 til a\u00f0 sty\u00f0ja allt a\u00f0 250kg Sni\u00f0i\u00f0 utan um hn\u00e9\u00f0 &hellip;","og_url":"https:\/\/www.kregtools.is\/index.php\/vara\/redbacks-hnjahlifar\/","og_site_name":"Kreg Tool","article_publisher":"http:\/\/facebook.com\/kregtoolisland","article_modified_time":"2026-02-02T16:45:36+00:00","og_image":[{"width":1218,"height":1200,"url":"https:\/\/www.kregtools.is\/wp-content\/uploads\/2016\/08\/redbacksproduct.-w0-h0-p100-q90-F-S1-c1.jpg","type":"image\/jpeg"}],"twitter_card":"summary_large_image","twitter_misc":{"Est. reading time":"1 minute"},"schema":{"@context":"https:\/\/schema.org","@graph":[{"@type":"WebPage","@id":"https:\/\/www.kregtools.is\/index.php\/vara\/redbacks-hnjahlifar\/","url":"https:\/\/www.kregtools.is\/index.php\/vara\/redbacks-hnjahlifar\/","name":"Redbacks hnj\u00e1hl\u00edfar - Kreg Tool","isPartOf":{"@id":"https:\/\/www.kregtools.is\/#website"},"datePublished":"2016-08-16T11:09:41+00:00","dateModified":"2026-02-02T16:45:36+00:00","breadcrumb":{"@id":"https:\/\/www.kregtools.is\/index.php\/vara\/redbacks-hnjahlifar\/#breadcrumb"},"inLanguage":"is","potentialAction":[{"@type":"ReadAction","target":["https:\/\/www.kregtools.is\/index.php\/vara\/redbacks-hnjahlifar\/"]}]},{"@type":"BreadcrumbList","@id":"https:\/\/www.kregtools.is\/index.php\/vara\/redbacks-hnjahlifar\/#breadcrumb","itemListElement":[{"@type":"ListItem","position":1,"name":"Home","item":"https:\/\/www.kregtools.is\/"},{"@type":"ListItem","position":2,"name":"Netverslun","item":"https:\/\/www.kregtools.is\/index.php\/shop\/"},{"@type":"ListItem","position":3,"name":"Redbacks hnj\u00e1hl\u00edfar"}]},{"@type":"WebSite","@id":"https:\/\/www.kregtools.is\/#website","url":"https:\/\/www.kregtools.is\/","name":"Kreg Tool","description":"t\u00f3lh\u00f6ld","potentialAction":[{"@type":"SearchAction","target":{"@type":"EntryPoint","urlTemplate":"https:\/\/www.kregtools.is\/?s={search_term_string}"},"query-input":"required name=search_term_string"}],"inLanguage":"is"}]}},"_links":{"self":[{"href":"https:\/\/www.kregtools.is\/index.php\/wp-json\/wp\/v2\/product\/302"}],"collection":[{"href":"https:\/\/www.kregtools.is\/index.php\/wp-json\/wp\/v2\/product"}],"about":[{"href":"https:\/\/www.kregtools.is\/index.php\/wp-json\/wp\/v2\/types\/product"}],"replies":[{"embeddable":true,"href":"https:\/\/www.kregtools.is\/index.php\/wp-json\/wp\/v2\/comments?post=302"}],"wp:featuredmedia":[{"embeddable":true,"href":"https:\/\/www.kregtools.is\/index.php\/wp-json\/wp\/v2\/media\/303"}],"wp:attachment":[{"href":"https:\/\/www.kregtools.is\/index.php\/wp-json\/wp\/v2\/media?parent=302"}],"wp:term":[{"taxonomy":"product_cat","embeddable":true,"href":"https:\/\/www.kregtools.is\/index.php\/wp-json\/wp\/v2\/product_cat?post=302"},{"taxonomy":"product_tag","embeddable":true,"href":"https:\/\/www.kregtools.is\/index.php\/wp-json\/wp\/v2\/product_tag?post=302"},{"taxonomy":"giftcard-category","embeddable":true,"href":"https:\/\/www.kregtools.is\/index.php\/wp-json\/wp\/v2\/giftcard-category?post=302"}],"curies":[{"name":"wp","href":"https:\/\/api.w.org\/{rel}","templated":true}]}}