{"id":116,"date":"2015-07-29T23:45:18","date_gmt":"2015-07-29T23:45:18","guid":{"rendered":"http:\/\/kreg.fishing.is\/index.php\/vara\/kreg-pocket-screws-1-7-coarse-pan-head-100ct\/"},"modified":"2026-03-28T12:44:38","modified_gmt":"2026-03-28T12:44:38","slug":"kreg-pocket-screws-1-7-coarse-pan-head-100ct","status":"publish","type":"product","link":"https:\/\/www.kregtools.is\/index.php\/vara\/kreg-pocket-screws-1-7-coarse-pan-head-100ct\/","title":{"rendered":"Kreg Skr\u00fafur &#8211; 1&#8243; (Pan-Head)"},"content":{"rendered":"<p>Skr\u00fafur fyrir t.d. mdf og krossvi\u00f0, ekki \u00a0har\u00f0vi\u00f0<\/p>\n<p>Hentar vel me\u00f0 t.d. <a href=\"https:\/\/www.kregtools.is\/index.php\/vara\/kreg-jig-micro-drill-guide-system-includes-micro-bit-and-depth-collar\/\">Kreg Jig Micro<\/a><\/p>\n<p>100stk<\/p>\n","protected":false},"excerpt":{"rendered":"<p>Skr\u00fafur fyrir t.d. mdf og krossvi\u00f0, ekki \u00a0har\u00f0vi\u00f0 Hentar vel me\u00f0 t.d. Kreg Jig Micro 100stk<\/p>\n","protected":false},"featured_media":484,"comment_status":"open","ping_status":"closed","template":"","meta":{"_mi_skip_tracking":false,"_exactmetrics_sitenote_active":false,"_exactmetrics_sitenote_note":"","_exactmetrics_sitenote_category":0},"product_cat":[11],"product_tag":[],"giftcard-category":[],"yoast_head":"<!-- This site is optimized with the Yoast SEO plugin v21.5 - https:\/\/yoast.com\/wordpress\/plugins\/seo\/ -->\n<title>Kreg Skr\u00fafur - 1&quot; (Pan-Head) - Kreg Tool<\/title>\n<meta name=\"robots\" content=\"index, follow, max-snippet:-1, max-image-preview:large, max-video-preview:-1\" \/>\n<link rel=\"canonical\" href=\"https:\/\/www.kregtools.is\/index.php\/vara\/kreg-pocket-screws-1-7-coarse-pan-head-100ct\/\" \/>\n<meta property=\"og:locale\" content=\"is_IS\" \/>\n<meta property=\"og:type\" content=\"article\" \/>\n<meta property=\"og:title\" content=\"Kreg Skr\u00fafur - 1&quot; (Pan-Head) - Kreg Tool\" \/>\n<meta property=\"og:description\" content=\"Skr\u00fafur fyrir t.d. mdf og krossvi\u00f0, ekki \u00a0har\u00f0vi\u00f0 Hentar vel me\u00f0 t.d. Kreg Jig Micro 100stk\" \/>\n<meta property=\"og:url\" content=\"https:\/\/www.kregtools.is\/index.php\/vara\/kreg-pocket-screws-1-7-coarse-pan-head-100ct\/\" \/>\n<meta property=\"og:site_name\" content=\"Kreg Tool\" \/>\n<meta property=\"article:publisher\" content=\"http:\/\/facebook.com\/kregtoolisland\" \/>\n<meta property=\"article:modified_time\" content=\"2026-03-28T12:44:38+00:00\" \/>\n<meta property=\"og:image\" content=\"https:\/\/www.kregtools.is\/wp-content\/uploads\/2015\/07\/513JSJYQPGL1.jpg\" \/>\n\t<meta property=\"og:image:width\" content=\"313\" \/>\n\t<meta property=\"og:image:height\" content=\"500\" \/>\n\t<meta property=\"og:image:type\" content=\"image\/jpeg\" \/>\n<meta name=\"twitter:card\" content=\"summary_large_image\" \/>\n<meta name=\"twitter:label1\" content=\"Est. reading time\" \/>\n\t<meta name=\"twitter:data1\" content=\"1 minute\" \/>\n<script type=\"application\/ld+json\" class=\"yoast-schema-graph\">{\"@context\":\"https:\/\/schema.org\",\"@graph\":[{\"@type\":\"WebPage\",\"@id\":\"https:\/\/www.kregtools.is\/index.php\/vara\/kreg-pocket-screws-1-7-coarse-pan-head-100ct\/\",\"url\":\"https:\/\/www.kregtools.is\/index.php\/vara\/kreg-pocket-screws-1-7-coarse-pan-head-100ct\/\",\"name\":\"Kreg Skr\u00fafur - 1\\\" (Pan-Head) - Kreg Tool\",\"isPartOf\":{\"@id\":\"https:\/\/www.kregtools.is\/#website\"},\"datePublished\":\"2015-07-29T23:45:18+00:00\",\"dateModified\":\"2026-03-28T12:44:38+00:00\",\"breadcrumb\":{\"@id\":\"https:\/\/www.kregtools.is\/index.php\/vara\/kreg-pocket-screws-1-7-coarse-pan-head-100ct\/#breadcrumb\"},\"inLanguage\":\"is\",\"potentialAction\":[{\"@type\":\"ReadAction\",\"target\":[\"https:\/\/www.kregtools.is\/index.php\/vara\/kreg-pocket-screws-1-7-coarse-pan-head-100ct\/\"]}]},{\"@type\":\"BreadcrumbList\",\"@id\":\"https:\/\/www.kregtools.is\/index.php\/vara\/kreg-pocket-screws-1-7-coarse-pan-head-100ct\/#breadcrumb\",\"itemListElement\":[{\"@type\":\"ListItem\",\"position\":1,\"name\":\"Home\",\"item\":\"https:\/\/www.kregtools.is\/\"},{\"@type\":\"ListItem\",\"position\":2,\"name\":\"Netverslun\",\"item\":\"https:\/\/www.kregtools.is\/index.php\/shop\/\"},{\"@type\":\"ListItem\",\"position\":3,\"name\":\"Kreg Skr\u00fafur &#8211; 1&#8243; (Pan-Head)\"}]},{\"@type\":\"WebSite\",\"@id\":\"https:\/\/www.kregtools.is\/#website\",\"url\":\"https:\/\/www.kregtools.is\/\",\"name\":\"Kreg Tool\",\"description\":\"t\u00f3lh\u00f6ld\",\"potentialAction\":[{\"@type\":\"SearchAction\",\"target\":{\"@type\":\"EntryPoint\",\"urlTemplate\":\"https:\/\/www.kregtools.is\/?s={search_term_string}\"},\"query-input\":\"required name=search_term_string\"}],\"inLanguage\":\"is\"}]}<\/script>\n<!-- \/ Yoast SEO plugin. -->","yoast_head_json":{"title":"Kreg Skr\u00fafur - 1\" (Pan-Head) - Kreg Tool","robots":{"index":"index","follow":"follow","max-snippet":"max-snippet:-1","max-image-preview":"max-image-preview:large","max-video-preview":"max-video-preview:-1"},"canonical":"https:\/\/www.kregtools.is\/index.php\/vara\/kreg-pocket-screws-1-7-coarse-pan-head-100ct\/","og_locale":"is_IS","og_type":"article","og_title":"Kreg Skr\u00fafur - 1\" (Pan-Head) - Kreg Tool","og_description":"Skr\u00fafur fyrir t.d. mdf og krossvi\u00f0, ekki \u00a0har\u00f0vi\u00f0 Hentar vel me\u00f0 t.d. Kreg Jig Micro 100stk","og_url":"https:\/\/www.kregtools.is\/index.php\/vara\/kreg-pocket-screws-1-7-coarse-pan-head-100ct\/","og_site_name":"Kreg Tool","article_publisher":"http:\/\/facebook.com\/kregtoolisland","article_modified_time":"2026-03-28T12:44:38+00:00","og_image":[{"width":313,"height":500,"url":"https:\/\/www.kregtools.is\/wp-content\/uploads\/2015\/07\/513JSJYQPGL1.jpg","type":"image\/jpeg"}],"twitter_card":"summary_large_image","twitter_misc":{"Est. reading time":"1 minute"},"schema":{"@context":"https:\/\/schema.org","@graph":[{"@type":"WebPage","@id":"https:\/\/www.kregtools.is\/index.php\/vara\/kreg-pocket-screws-1-7-coarse-pan-head-100ct\/","url":"https:\/\/www.kregtools.is\/index.php\/vara\/kreg-pocket-screws-1-7-coarse-pan-head-100ct\/","name":"Kreg Skr\u00fafur - 1\" (Pan-Head) - Kreg Tool","isPartOf":{"@id":"https:\/\/www.kregtools.is\/#website"},"datePublished":"2015-07-29T23:45:18+00:00","dateModified":"2026-03-28T12:44:38+00:00","breadcrumb":{"@id":"https:\/\/www.kregtools.is\/index.php\/vara\/kreg-pocket-screws-1-7-coarse-pan-head-100ct\/#breadcrumb"},"inLanguage":"is","potentialAction":[{"@type":"ReadAction","target":["https:\/\/www.kregtools.is\/index.php\/vara\/kreg-pocket-screws-1-7-coarse-pan-head-100ct\/"]}]},{"@type":"BreadcrumbList","@id":"https:\/\/www.kregtools.is\/index.php\/vara\/kreg-pocket-screws-1-7-coarse-pan-head-100ct\/#breadcrumb","itemListElement":[{"@type":"ListItem","position":1,"name":"Home","item":"https:\/\/www.kregtools.is\/"},{"@type":"ListItem","position":2,"name":"Netverslun","item":"https:\/\/www.kregtools.is\/index.php\/shop\/"},{"@type":"ListItem","position":3,"name":"Kreg Skr\u00fafur &#8211; 1&#8243; (Pan-Head)"}]},{"@type":"WebSite","@id":"https:\/\/www.kregtools.is\/#website","url":"https:\/\/www.kregtools.is\/","name":"Kreg Tool","description":"t\u00f3lh\u00f6ld","potentialAction":[{"@type":"SearchAction","target":{"@type":"EntryPoint","urlTemplate":"https:\/\/www.kregtools.is\/?s={search_term_string}"},"query-input":"required name=search_term_string"}],"inLanguage":"is"}]}},"_links":{"self":[{"href":"https:\/\/www.kregtools.is\/index.php\/wp-json\/wp\/v2\/product\/116"}],"collection":[{"href":"https:\/\/www.kregtools.is\/index.php\/wp-json\/wp\/v2\/product"}],"about":[{"href":"https:\/\/www.kregtools.is\/index.php\/wp-json\/wp\/v2\/types\/product"}],"replies":[{"embeddable":true,"href":"https:\/\/www.kregtools.is\/index.php\/wp-json\/wp\/v2\/comments?post=116"}],"wp:featuredmedia":[{"embeddable":true,"href":"https:\/\/www.kregtools.is\/index.php\/wp-json\/wp\/v2\/media\/484"}],"wp:attachment":[{"href":"https:\/\/www.kregtools.is\/index.php\/wp-json\/wp\/v2\/media?parent=116"}],"wp:term":[{"taxonomy":"product_cat","embeddable":true,"href":"https:\/\/www.kregtools.is\/index.php\/wp-json\/wp\/v2\/product_cat?post=116"},{"taxonomy":"product_tag","embeddable":true,"href":"https:\/\/www.kregtools.is\/index.php\/wp-json\/wp\/v2\/product_tag?post=116"},{"taxonomy":"giftcard-category","embeddable":true,"href":"https:\/\/www.kregtools.is\/index.php\/wp-json\/wp\/v2\/giftcard-category?post=116"}],"curies":[{"name":"wp","href":"https:\/\/api.w.org\/{rel}","templated":true}]}}