{"id":374,"date":"2016-12-14T12:36:38","date_gmt":"2016-12-14T12:36:38","guid":{"rendered":"http:\/\/www.kregtools.is\/?page_id=374"},"modified":"2020-09-25T17:59:51","modified_gmt":"2020-09-25T17:59:51","slug":"about","status":"publish","type":"page","link":"https:\/\/www.kregtools.is\/index.php\/about\/","title":{"rendered":"About"},"content":{"rendered":"<p>Samt\u00edningur ehf er fj\u00f6lskyldufyrirt\u00e6ki sem dreifir og selur h\u00e1g\u00e6\u00f0av\u00f6rur \u00e1 samkeppnish\u00e6fu ver\u00f0i.<\/p>\n<p>Hafiru \u00e1huga \u00e1 a\u00f0 endurselja v\u00f6rurnar okkar, sendu okkur endilega l\u00ednu \u00e1 heildsala@kregtools.is<\/p>\n<p>Allar n\u00e1nari uppl\u00fdsingar m\u00e1 n\u00e1lgast hj\u00e1 Andra andri@kregtools.is e\u00f0a \u00ed s\u00edma 895-5594<\/p>\n<p>&#8211; &#8211; &#8211; &#8211; &#8211; &#8211; &#8211; &#8211; &#8211; &#8211;<\/p>\n<p>Samt\u00edningur ehf is a family run business that distributes and sells high quality products at competitive prices.<\/p>\n<p>To get detailed corporate information contact Andri at andri@kregtools.is or +354 895-5594<\/p>\n<p>ID. 640815-0350<br \/>\nVat no. 121309<\/p>\n<p>Address:\u00a0Su\u00f0urgata 55,\u00a0220 Hafnarfj\u00f6r\u00f0ur, Iceland<\/p>\n","protected":false},"excerpt":{"rendered":"<p>Samt\u00edningur ehf er fj\u00f6lskyldufyrirt\u00e6ki sem dreifir og selur h\u00e1g\u00e6\u00f0av\u00f6rur \u00e1 samkeppnish\u00e6fu ver\u00f0i. Hafiru \u00e1huga \u00e1 a\u00f0 endurselja v\u00f6rurnar okkar, sendu okkur endilega l\u00ednu \u00e1 heildsala@kregtools.is Allar n\u00e1nari uppl\u00fdsingar m\u00e1 n\u00e1lgast &hellip;<\/p>\n","protected":false},"author":1,"featured_media":0,"parent":0,"menu_order":0,"comment_status":"closed","ping_status":"closed","template":"","meta":{"_mi_skip_tracking":false,"_exactmetrics_sitenote_active":false,"_exactmetrics_sitenote_note":"","_exactmetrics_sitenote_category":0,"footnotes":""},"yoast_head":"<!-- This site is optimized with the Yoast SEO plugin v21.5 - https:\/\/yoast.com\/wordpress\/plugins\/seo\/ -->\n<title>About - Kreg Tool<\/title>\n<meta name=\"robots\" content=\"index, follow, max-snippet:-1, max-image-preview:large, max-video-preview:-1\" \/>\n<link rel=\"canonical\" href=\"https:\/\/www.kregtools.is\/index.php\/about\/\" \/>\n<meta property=\"og:locale\" content=\"is_IS\" \/>\n<meta property=\"og:type\" content=\"article\" \/>\n<meta property=\"og:title\" content=\"About - Kreg Tool\" \/>\n<meta property=\"og:description\" content=\"Samt\u00edningur ehf er fj\u00f6lskyldufyrirt\u00e6ki sem dreifir og selur h\u00e1g\u00e6\u00f0av\u00f6rur \u00e1 samkeppnish\u00e6fu ver\u00f0i. Hafiru \u00e1huga \u00e1 a\u00f0 endurselja v\u00f6rurnar okkar, sendu okkur endilega l\u00ednu \u00e1 heildsala@kregtools.is Allar n\u00e1nari uppl\u00fdsingar m\u00e1 n\u00e1lgast &hellip;\" \/>\n<meta property=\"og:url\" content=\"https:\/\/www.kregtools.is\/index.php\/about\/\" \/>\n<meta property=\"og:site_name\" content=\"Kreg Tool\" \/>\n<meta property=\"article:publisher\" content=\"http:\/\/facebook.com\/kregtoolisland\" \/>\n<meta property=\"article:modified_time\" content=\"2020-09-25T17:59:51+00:00\" \/>\n<meta name=\"twitter:card\" content=\"summary_large_image\" \/>\n<meta name=\"twitter:label1\" content=\"Est. reading time\" \/>\n\t<meta name=\"twitter:data1\" content=\"1 minute\" \/>\n<script type=\"application\/ld+json\" class=\"yoast-schema-graph\">{\"@context\":\"https:\/\/schema.org\",\"@graph\":[{\"@type\":\"WebPage\",\"@id\":\"https:\/\/www.kregtools.is\/index.php\/about\/\",\"url\":\"https:\/\/www.kregtools.is\/index.php\/about\/\",\"name\":\"About - Kreg Tool\",\"isPartOf\":{\"@id\":\"https:\/\/www.kregtools.is\/#website\"},\"datePublished\":\"2016-12-14T12:36:38+00:00\",\"dateModified\":\"2020-09-25T17:59:51+00:00\",\"breadcrumb\":{\"@id\":\"https:\/\/www.kregtools.is\/index.php\/about\/#breadcrumb\"},\"inLanguage\":\"is\",\"potentialAction\":[{\"@type\":\"ReadAction\",\"target\":[\"https:\/\/www.kregtools.is\/index.php\/about\/\"]}]},{\"@type\":\"BreadcrumbList\",\"@id\":\"https:\/\/www.kregtools.is\/index.php\/about\/#breadcrumb\",\"itemListElement\":[{\"@type\":\"ListItem\",\"position\":1,\"name\":\"Home\",\"item\":\"https:\/\/www.kregtools.is\/\"},{\"@type\":\"ListItem\",\"position\":2,\"name\":\"About\"}]},{\"@type\":\"WebSite\",\"@id\":\"https:\/\/www.kregtools.is\/#website\",\"url\":\"https:\/\/www.kregtools.is\/\",\"name\":\"Kreg Tool\",\"description\":\"t\u00f3lh\u00f6ld\",\"potentialAction\":[{\"@type\":\"SearchAction\",\"target\":{\"@type\":\"EntryPoint\",\"urlTemplate\":\"https:\/\/www.kregtools.is\/?s={search_term_string}\"},\"query-input\":\"required name=search_term_string\"}],\"inLanguage\":\"is\"}]}<\/script>\n<!-- \/ Yoast SEO plugin. -->","yoast_head_json":{"title":"About - Kreg Tool","robots":{"index":"index","follow":"follow","max-snippet":"max-snippet:-1","max-image-preview":"max-image-preview:large","max-video-preview":"max-video-preview:-1"},"canonical":"https:\/\/www.kregtools.is\/index.php\/about\/","og_locale":"is_IS","og_type":"article","og_title":"About - Kreg Tool","og_description":"Samt\u00edningur ehf er fj\u00f6lskyldufyrirt\u00e6ki sem dreifir og selur h\u00e1g\u00e6\u00f0av\u00f6rur \u00e1 samkeppnish\u00e6fu ver\u00f0i. Hafiru \u00e1huga \u00e1 a\u00f0 endurselja v\u00f6rurnar okkar, sendu okkur endilega l\u00ednu \u00e1 heildsala@kregtools.is Allar n\u00e1nari uppl\u00fdsingar m\u00e1 n\u00e1lgast &hellip;","og_url":"https:\/\/www.kregtools.is\/index.php\/about\/","og_site_name":"Kreg Tool","article_publisher":"http:\/\/facebook.com\/kregtoolisland","article_modified_time":"2020-09-25T17:59:51+00:00","twitter_card":"summary_large_image","twitter_misc":{"Est. reading time":"1 minute"},"schema":{"@context":"https:\/\/schema.org","@graph":[{"@type":"WebPage","@id":"https:\/\/www.kregtools.is\/index.php\/about\/","url":"https:\/\/www.kregtools.is\/index.php\/about\/","name":"About - Kreg Tool","isPartOf":{"@id":"https:\/\/www.kregtools.is\/#website"},"datePublished":"2016-12-14T12:36:38+00:00","dateModified":"2020-09-25T17:59:51+00:00","breadcrumb":{"@id":"https:\/\/www.kregtools.is\/index.php\/about\/#breadcrumb"},"inLanguage":"is","potentialAction":[{"@type":"ReadAction","target":["https:\/\/www.kregtools.is\/index.php\/about\/"]}]},{"@type":"BreadcrumbList","@id":"https:\/\/www.kregtools.is\/index.php\/about\/#breadcrumb","itemListElement":[{"@type":"ListItem","position":1,"name":"Home","item":"https:\/\/www.kregtools.is\/"},{"@type":"ListItem","position":2,"name":"About"}]},{"@type":"WebSite","@id":"https:\/\/www.kregtools.is\/#website","url":"https:\/\/www.kregtools.is\/","name":"Kreg Tool","description":"t\u00f3lh\u00f6ld","potentialAction":[{"@type":"SearchAction","target":{"@type":"EntryPoint","urlTemplate":"https:\/\/www.kregtools.is\/?s={search_term_string}"},"query-input":"required name=search_term_string"}],"inLanguage":"is"}]}},"_links":{"self":[{"href":"https:\/\/www.kregtools.is\/index.php\/wp-json\/wp\/v2\/pages\/374"}],"collection":[{"href":"https:\/\/www.kregtools.is\/index.php\/wp-json\/wp\/v2\/pages"}],"about":[{"href":"https:\/\/www.kregtools.is\/index.php\/wp-json\/wp\/v2\/types\/page"}],"author":[{"embeddable":true,"href":"https:\/\/www.kregtools.is\/index.php\/wp-json\/wp\/v2\/users\/1"}],"replies":[{"embeddable":true,"href":"https:\/\/www.kregtools.is\/index.php\/wp-json\/wp\/v2\/comments?post=374"}],"version-history":[{"count":7,"href":"https:\/\/www.kregtools.is\/index.php\/wp-json\/wp\/v2\/pages\/374\/revisions"}],"predecessor-version":[{"id":1318,"href":"https:\/\/www.kregtools.is\/index.php\/wp-json\/wp\/v2\/pages\/374\/revisions\/1318"}],"wp:attachment":[{"href":"https:\/\/www.kregtools.is\/index.php\/wp-json\/wp\/v2\/media?parent=374"}],"curies":[{"name":"wp","href":"https:\/\/api.w.org\/{rel}","templated":true}]}}