{"id":367,"date":"2016-12-14T12:33:07","date_gmt":"2016-12-14T12:33:07","guid":{"rendered":"http:\/\/www.kregtools.is\/?page_id=367"},"modified":"2023-11-08T23:37:22","modified_gmt":"2023-11-08T23:37:22","slug":"skilmalar-og-skilyrdi","status":"publish","type":"page","link":"https:\/\/www.kregtools.is\/index.php\/skilmalar-og-skilyrdi\/","title":{"rendered":"Skilm\u00e1lar"},"content":{"rendered":"<p>Samt\u00edningur ehf \u00e1skilur s\u00e9r r\u00e9tt til a\u00f0 h\u00e6tta vi\u00f0 pantanir, t.d. vegna rangra ver\u00f0uppl\u00fdsinga e\u00f0a h\u00e6tta a\u00f0 bj\u00f3\u00f0a upp \u00e1 v\u00f6rutegundir fyrirvaralaust. \u00c1skilinn er r\u00e9ttur til a\u00f0 sta\u00f0festa pantanir s\u00edmlei\u00f0is.<\/p>\n<p><strong><br \/>\n<\/strong><strong>Afhending v\u00f6ru<\/strong><\/p>\n<p>Reynt er a\u00f0 afgrei\u00f0a allar pantanir samd\u00e6gurs e\u00f0a n\u00e6sta virka dag eftir p\u00f6ntun. S\u00e9 varan ekki til \u00e1 lager mun \u00fej\u00f3nustufulltr\u00fai hafa samband og tilkynna um \u00e1\u00e6tla\u00f0an afhendingart\u00edma v\u00f6runnar. Af \u00f6llum p\u00f6ntunum dreift af \u00cdslandsp\u00f3sti gilda afhendingar-, \u00e1byrg\u00f0ar og flutningsskilm\u00e1lar \u00cdslandsp\u00f3sts um afhendingu v\u00f6runnar. Samt\u00edningur ehf ber samkv\u00e6mt \u00feessu enga \u00e1byrg\u00f0 \u00e1 t\u00fdndum sendingum e\u00f0a tj\u00f3ni sem kann a\u00f0 ver\u00f0a \u00e1 v\u00f6ru \u00ed flutningi. Ef a\u00f0 vara t\u00fdnist \u00ed p\u00f3sti e\u00f0a ver\u00f0ur fyrir tj\u00f3ni fr\u00e1 \u00fev\u00ed a\u00f0 a\u00f0 h\u00fan er send fr\u00e1 Samt\u00edning ehf til vi\u00f0komandi er tj\u00f3ni\u00f0 \u00e1 \u00e1byrg\u00f0 kaupanda. Pantanir sendar me\u00f0 \u00cdslandsp\u00f3sti eru trygg\u00f0ar me\u00f0 l\u00e1gmarkstryggingu fr\u00e1 \u00cdslandsp\u00f3sti, n\u00e1nar \u00e1 heimas\u00ed\u00f0u \u00cdslandsp\u00f3sts www.postur.is. Kaupandi skal vi\u00f0 m\u00f3tt\u00f6ku v\u00f6ru athuga \u00e1n tafar og innan e\u00f0lilegra t\u00edmamarka hvort varan s\u00e9 \u00ed samr\u00e6mi vi\u00f0 p\u00f6ntunarsta\u00f0festingu. Kaupandi getur einnig vali\u00f0 a\u00f0 s\u00e6kja v\u00f6runa \u00e1 lager \u00ed samr\u00e1\u00f0i vi\u00f0 seljanda, vinsamlegast hafi\u00f0 samband \u00ed \u00feeim tilfellum.<\/p>\n<p><strong><br \/>\nVer\u00f0 \u00e1 v\u00f6ru og sendingakostna\u00f0ur<\/strong><\/p>\n<p>\u00d6ll ver\u00f0 \u00ed vefverslun eru me\u00f0 innif\u00f6ldum 24% vsk en sendingakostna\u00f0ur b\u00e6tist s\u00ed\u00f0an vi\u00f0 \u00e1\u00f0ur en grei\u00f0sla fer fram. Vi\u00f0 bj\u00f3\u00f0um upp\u00e1 fr\u00eda heimsendingu innan st\u00f3r Hafnarfjar\u00f0arsv\u00e6\u00f0isins. Sendingakostna\u00f0ur reiknast \u00feegar gengi\u00f0 er fr\u00e1 p\u00f6ntun. Alla jafna ef versla\u00f0 er fyrir 29.900,- e\u00f0a meira \u00fe\u00e1 fellur sendingarkostna\u00f0urinn ni\u00f0ur. Vi\u00f0 sendum v\u00f6rur me\u00f0 \u00cdslandsp\u00f3sti \u00e1 \u00fea\u00f0 p\u00f3sth\u00fas sem er n\u00e6st kaupanda. \u00a0\u00dea\u00f0 ver\u00f0 gildir er fram kemur \u00e1 p\u00f6ntunarsta\u00f0festingu kaupanda hverju sinni.<br \/>\nSeljandi \u00e1skilur s\u00e9r r\u00e9tt til a\u00f0 fella ni\u00f0ur pantanir t.d. vegna rangra ver\u00f0uppl\u00fdsinga og breyta ver\u00f0i \u00e1 v\u00f6ru \u00e1n fyrirvara en ver\u00f0 eru almennt breytileg t.d. vegna samkeppni og ver\u00f0breytinga birgja. Ver\u00f0i seljandi fyrir \u00f3vi\u00f0r\u00e1\u00f0anlegu ytra atviki (force majeure), svo sem eldgosi, jar\u00f0skj\u00e1lfta, verkfalli e\u00f0a \u00feess um l\u00edkt, er seljanda heimilt a\u00f0 fresta efndum s\u00ednum e\u00f0a falla fr\u00e1 kaupunum.<\/p>\n<h3><\/h3>\n<p><strong>A\u00f0 skipta og skila v\u00f6ru<\/strong><\/p>\n<p>Veittur er 14 daga skilar\u00e9ttur vi\u00f0 kaup \u00e1 v\u00f6ru gegn \u00fev\u00ed a\u00f0 framv\u00edsa\u00f0 s\u00e9 s\u00f6lureikningi sem s\u00fdnir me\u00f0 fulln\u00e6gjandi h\u00e6tti hven\u00e6r varan var keypt. Varan \u00fearf a\u00f0 vera \u00f3notu\u00f0, \u00ed fullkomnu lagi og \u00ed s\u00ednum upprunalegu \u00f3skemmdu umb\u00fa\u00f0um \u00feegar henni er skila\u00f0. Ef vara er innsiglu\u00f0 m\u00e1 ekki rj\u00fafa innsigli\u00f0. Vi\u00f0 skil \u00e1 v\u00f6ru er mi\u00f0a\u00f0 vi\u00f0 upprunalegt ver\u00f0 hennar, nema vi\u00f0komandi vara s\u00e9 \u00e1 \u00fats\u00f6lu e\u00f0a \u00e1 s\u00e9rtilbo\u00f0i vi\u00f0 v\u00f6ruskil. \u00de\u00e1 er mi\u00f0a\u00f0 vi\u00f0 ver\u00f0 v\u00f6runnar \u00feann dag sem henni er skila\u00f0. Ef kaupandi vill ekki skipta v\u00f6runni fyrir a\u00f0ra v\u00f6ru ver\u00f0ur gefin \u00fat inneignarn\u00f3ta eftir a\u00f0 varan er m\u00f3ttekin. Inneigninarn\u00f3tan er \u00ed formi k\u00f3\u00f0a sem er nota\u00f0ur h\u00e9r \u00e1 s\u00ed\u00f0unni \u00feegar versla\u00f0 er\u00a0og\u00a0gildir \u00ed eitt \u00e1r fr\u00e1 \u00fatg\u00e1fudegi.\u00a0Flutnings- og p\u00f3stbur\u00f0argj\u00f6ld eru ekki endurgreidd.<\/p>\n<p><strong>G\u00f6llu\u00f0 vara<\/strong><\/p>\n<p>S\u00e9 vara g\u00f6llu\u00f0 er vi\u00f0skiptavinum bo\u00f0in n\u00fd vara \u00ed sta\u00f0inn og grei\u00f0um vi\u00f0 allan sendingakostna\u00f0 sem um r\u00e6\u00f0ir.E\u00f0a endurgrei\u00f0um ef \u00feess er krafist.<\/p>\n<p>A\u00f0 \u00f6\u00f0ru leiti v\u00edsast til laga um h\u00fasg\u00f6ngu og fjars\u00f6lusamninga nr.48\/2003 og laga um neytendakaup.<\/p>\n<p><strong>Grei\u00f0slulei\u00f0ir<\/strong><\/p>\n<p>H\u00e6gt er a\u00f0 grei\u00f0a me\u00f0 millif\u00e6rslu \u00ed heimabanka e\u00f0a gegnum\u00a0\u00f6rugga grei\u00f0slus\u00ed\u00f0u Valitor.<br \/>\nH\u00e6gt er a\u00f0 grei\u00f0a me\u00f0 VISA og MASTERCARD.<\/p>\n<p><strong>Tr\u00fana\u00f0ur (\u00d6ryggisskilm\u00e1lar)<\/strong><\/p>\n<p>Seljandi heitir kaupanda fullum tr\u00fana\u00f0i um allar uppl\u00fdsingar sem hann gefur upp \u00ed tengslum vi\u00f0 vi\u00f0skiptin. Uppl\u00fdsingar ver\u00f0a ekki undir neinum kringumst\u00e6\u00f0um afhentar \u00feri\u00f0ja a\u00f0ila.<\/p>\n<p><strong>L\u00f6g og varnar\u00feing<\/strong><\/p>\n<p>Samningur \u00feessi er \u00ed samr\u00e6mi vi\u00f0 \u00edslensk l\u00f6g. R\u00edsi m\u00e1l vegna hans skal \u00fea\u00f0 reki\u00f0 fyrir H\u00e9ra\u00f0sd\u00f3mi Reykjaness.<\/p>\n","protected":false},"excerpt":{"rendered":"<p>Samt\u00edningur ehf \u00e1skilur s\u00e9r r\u00e9tt til a\u00f0 h\u00e6tta vi\u00f0 pantanir, t.d. vegna rangra ver\u00f0uppl\u00fdsinga e\u00f0a h\u00e6tta a\u00f0 bj\u00f3\u00f0a upp \u00e1 v\u00f6rutegundir fyrirvaralaust. \u00c1skilinn er r\u00e9ttur til a\u00f0 sta\u00f0festa pantanir s\u00edmlei\u00f0is. &hellip;<\/p>\n","protected":false},"author":1,"featured_media":0,"parent":0,"menu_order":0,"comment_status":"closed","ping_status":"closed","template":"","meta":{"_mi_skip_tracking":false,"_exactmetrics_sitenote_active":false,"_exactmetrics_sitenote_note":"","_exactmetrics_sitenote_category":0,"footnotes":""},"yoast_head":"<!-- This site is optimized with the Yoast SEO plugin v21.5 - https:\/\/yoast.com\/wordpress\/plugins\/seo\/ -->\n<title>Skilm\u00e1lar - Kreg Tool<\/title>\n<meta name=\"robots\" content=\"index, follow, max-snippet:-1, max-image-preview:large, max-video-preview:-1\" \/>\n<link rel=\"canonical\" href=\"https:\/\/www.kregtools.is\/index.php\/skilmalar-og-skilyrdi\/\" \/>\n<meta property=\"og:locale\" content=\"is_IS\" \/>\n<meta property=\"og:type\" content=\"article\" \/>\n<meta property=\"og:title\" content=\"Skilm\u00e1lar - Kreg Tool\" \/>\n<meta property=\"og:description\" content=\"Samt\u00edningur ehf \u00e1skilur s\u00e9r r\u00e9tt til a\u00f0 h\u00e6tta vi\u00f0 pantanir, t.d. vegna rangra ver\u00f0uppl\u00fdsinga e\u00f0a h\u00e6tta a\u00f0 bj\u00f3\u00f0a upp \u00e1 v\u00f6rutegundir fyrirvaralaust. \u00c1skilinn er r\u00e9ttur til a\u00f0 sta\u00f0festa pantanir s\u00edmlei\u00f0is. &hellip;\" \/>\n<meta property=\"og:url\" content=\"https:\/\/www.kregtools.is\/index.php\/skilmalar-og-skilyrdi\/\" \/>\n<meta property=\"og:site_name\" content=\"Kreg Tool\" \/>\n<meta property=\"article:publisher\" content=\"http:\/\/facebook.com\/kregtoolisland\" \/>\n<meta property=\"article:modified_time\" content=\"2023-11-08T23:37:22+00:00\" \/>\n<meta name=\"twitter:card\" content=\"summary_large_image\" \/>\n<meta name=\"twitter:label1\" content=\"Est. reading time\" \/>\n\t<meta name=\"twitter:data1\" content=\"4 minutes\" \/>\n<script type=\"application\/ld+json\" class=\"yoast-schema-graph\">{\"@context\":\"https:\/\/schema.org\",\"@graph\":[{\"@type\":\"WebPage\",\"@id\":\"https:\/\/www.kregtools.is\/index.php\/skilmalar-og-skilyrdi\/\",\"url\":\"https:\/\/www.kregtools.is\/index.php\/skilmalar-og-skilyrdi\/\",\"name\":\"Skilm\u00e1lar - Kreg Tool\",\"isPartOf\":{\"@id\":\"https:\/\/www.kregtools.is\/#website\"},\"datePublished\":\"2016-12-14T12:33:07+00:00\",\"dateModified\":\"2023-11-08T23:37:22+00:00\",\"breadcrumb\":{\"@id\":\"https:\/\/www.kregtools.is\/index.php\/skilmalar-og-skilyrdi\/#breadcrumb\"},\"inLanguage\":\"is\",\"potentialAction\":[{\"@type\":\"ReadAction\",\"target\":[\"https:\/\/www.kregtools.is\/index.php\/skilmalar-og-skilyrdi\/\"]}]},{\"@type\":\"BreadcrumbList\",\"@id\":\"https:\/\/www.kregtools.is\/index.php\/skilmalar-og-skilyrdi\/#breadcrumb\",\"itemListElement\":[{\"@type\":\"ListItem\",\"position\":1,\"name\":\"Home\",\"item\":\"https:\/\/www.kregtools.is\/\"},{\"@type\":\"ListItem\",\"position\":2,\"name\":\"Skilm\u00e1lar\"}]},{\"@type\":\"WebSite\",\"@id\":\"https:\/\/www.kregtools.is\/#website\",\"url\":\"https:\/\/www.kregtools.is\/\",\"name\":\"Kreg Tool\",\"description\":\"t\u00f3lh\u00f6ld\",\"potentialAction\":[{\"@type\":\"SearchAction\",\"target\":{\"@type\":\"EntryPoint\",\"urlTemplate\":\"https:\/\/www.kregtools.is\/?s={search_term_string}\"},\"query-input\":\"required name=search_term_string\"}],\"inLanguage\":\"is\"}]}<\/script>\n<!-- \/ Yoast SEO plugin. -->","yoast_head_json":{"title":"Skilm\u00e1lar - Kreg Tool","robots":{"index":"index","follow":"follow","max-snippet":"max-snippet:-1","max-image-preview":"max-image-preview:large","max-video-preview":"max-video-preview:-1"},"canonical":"https:\/\/www.kregtools.is\/index.php\/skilmalar-og-skilyrdi\/","og_locale":"is_IS","og_type":"article","og_title":"Skilm\u00e1lar - Kreg Tool","og_description":"Samt\u00edningur ehf \u00e1skilur s\u00e9r r\u00e9tt til a\u00f0 h\u00e6tta vi\u00f0 pantanir, t.d. vegna rangra ver\u00f0uppl\u00fdsinga e\u00f0a h\u00e6tta a\u00f0 bj\u00f3\u00f0a upp \u00e1 v\u00f6rutegundir fyrirvaralaust. \u00c1skilinn er r\u00e9ttur til a\u00f0 sta\u00f0festa pantanir s\u00edmlei\u00f0is. &hellip;","og_url":"https:\/\/www.kregtools.is\/index.php\/skilmalar-og-skilyrdi\/","og_site_name":"Kreg Tool","article_publisher":"http:\/\/facebook.com\/kregtoolisland","article_modified_time":"2023-11-08T23:37:22+00:00","twitter_card":"summary_large_image","twitter_misc":{"Est. reading time":"4 minutes"},"schema":{"@context":"https:\/\/schema.org","@graph":[{"@type":"WebPage","@id":"https:\/\/www.kregtools.is\/index.php\/skilmalar-og-skilyrdi\/","url":"https:\/\/www.kregtools.is\/index.php\/skilmalar-og-skilyrdi\/","name":"Skilm\u00e1lar - Kreg Tool","isPartOf":{"@id":"https:\/\/www.kregtools.is\/#website"},"datePublished":"2016-12-14T12:33:07+00:00","dateModified":"2023-11-08T23:37:22+00:00","breadcrumb":{"@id":"https:\/\/www.kregtools.is\/index.php\/skilmalar-og-skilyrdi\/#breadcrumb"},"inLanguage":"is","potentialAction":[{"@type":"ReadAction","target":["https:\/\/www.kregtools.is\/index.php\/skilmalar-og-skilyrdi\/"]}]},{"@type":"BreadcrumbList","@id":"https:\/\/www.kregtools.is\/index.php\/skilmalar-og-skilyrdi\/#breadcrumb","itemListElement":[{"@type":"ListItem","position":1,"name":"Home","item":"https:\/\/www.kregtools.is\/"},{"@type":"ListItem","position":2,"name":"Skilm\u00e1lar"}]},{"@type":"WebSite","@id":"https:\/\/www.kregtools.is\/#website","url":"https:\/\/www.kregtools.is\/","name":"Kreg Tool","description":"t\u00f3lh\u00f6ld","potentialAction":[{"@type":"SearchAction","target":{"@type":"EntryPoint","urlTemplate":"https:\/\/www.kregtools.is\/?s={search_term_string}"},"query-input":"required name=search_term_string"}],"inLanguage":"is"}]}},"_links":{"self":[{"href":"https:\/\/www.kregtools.is\/index.php\/wp-json\/wp\/v2\/pages\/367"}],"collection":[{"href":"https:\/\/www.kregtools.is\/index.php\/wp-json\/wp\/v2\/pages"}],"about":[{"href":"https:\/\/www.kregtools.is\/index.php\/wp-json\/wp\/v2\/types\/page"}],"author":[{"embeddable":true,"href":"https:\/\/www.kregtools.is\/index.php\/wp-json\/wp\/v2\/users\/1"}],"replies":[{"embeddable":true,"href":"https:\/\/www.kregtools.is\/index.php\/wp-json\/wp\/v2\/comments?post=367"}],"version-history":[{"count":10,"href":"https:\/\/www.kregtools.is\/index.php\/wp-json\/wp\/v2\/pages\/367\/revisions"}],"predecessor-version":[{"id":2352,"href":"https:\/\/www.kregtools.is\/index.php\/wp-json\/wp\/v2\/pages\/367\/revisions\/2352"}],"wp:attachment":[{"href":"https:\/\/www.kregtools.is\/index.php\/wp-json\/wp\/v2\/media?parent=367"}],"curies":[{"name":"wp","href":"https:\/\/api.w.org\/{rel}","templated":true}]}}